{"id":560,"date":"2023-06-13T16:04:10","date_gmt":"2023-06-13T19:04:10","guid":{"rendered":"https:\/\/cantoroyasociados.com\/?post_type=product&#038;p=560"},"modified":"2023-07-27T10:27:37","modified_gmt":"2023-07-27T13:27:37","slug":"castor-c50-super-walter","status":"publish","type":"product","link":"https:\/\/cantoroyasociados.com\/index.php\/product\/castor-c50-super-walter\/","title":{"rendered":"Castor c50 Super Walter"},"content":{"rendered":"","protected":false},"excerpt":{"rendered":"<p>Es la excavadora ideal para realizar cualquier tipo de trabajo en los terrenos m\u00e1s dif\u00edciles. Independientemente de los obst\u00e1culos que aparezcan, agua, barro, monta\u00f1a o nieve.<br \/>\nMaxima estabilidad: M\u00e1xima estabilidad: apoyos de grandes dimensiones, regulables, permiten una mejor distribuci\u00f3n del peso en los terrenos m\u00e1s dif\u00edciles.<br \/>\n GRAN Versatilidad: mediante su rotaci\u00f3n continua 360\u00b0 y su brazo extensible se consigue el mayor aprovechamiento de su capacidad de trabajo.<br \/>\nAdaptacion \u00f3ptima al terreno: amplio margen de regulaci\u00f3n de sus apoyos adem\u00e1s de su tracci\u00f3n hirostatica ofrecen al conductor seguridad y control.<\/p>\n","protected":false},"featured_media":555,"comment_status":"open","ping_status":"closed","template":"","meta":[],"product_cat":[15,20],"product_tag":[],"class_list":{"0":"post-560","1":"product","2":"type-product","3":"status-publish","4":"has-post-thumbnail","6":"product_cat-uncategorized","7":"product_cat-super-walter","9":"first","10":"instock","11":"shipping-taxable","12":"product-type-simple"},"_links":{"self":[{"href":"https:\/\/cantoroyasociados.com\/index.php\/wp-json\/wp\/v2\/product\/560"}],"collection":[{"href":"https:\/\/cantoroyasociados.com\/index.php\/wp-json\/wp\/v2\/product"}],"about":[{"href":"https:\/\/cantoroyasociados.com\/index.php\/wp-json\/wp\/v2\/types\/product"}],"replies":[{"embeddable":true,"href":"https:\/\/cantoroyasociados.com\/index.php\/wp-json\/wp\/v2\/comments?post=560"}],"wp:featuredmedia":[{"embeddable":true,"href":"https:\/\/cantoroyasociados.com\/index.php\/wp-json\/wp\/v2\/media\/555"}],"wp:attachment":[{"href":"https:\/\/cantoroyasociados.com\/index.php\/wp-json\/wp\/v2\/media?parent=560"}],"wp:term":[{"taxonomy":"product_cat","embeddable":true,"href":"https:\/\/cantoroyasociados.com\/index.php\/wp-json\/wp\/v2\/product_cat?post=560"},{"taxonomy":"product_tag","embeddable":true,"href":"https:\/\/cantoroyasociados.com\/index.php\/wp-json\/wp\/v2\/product_tag?post=560"}],"curies":[{"name":"wp","href":"https:\/\/api.w.org\/{rel}","templated":true}]}}