{"id":344,"date":"2023-05-23T12:07:50","date_gmt":"2023-05-23T15:07:50","guid":{"rendered":"https:\/\/cantoroyasociados.com\/?post_type=product&#038;p=344"},"modified":"2023-05-23T18:16:14","modified_gmt":"2023-05-23T21:16:14","slug":"fertilizadora-sembradora-altina-neumatica","status":"publish","type":"product","link":"https:\/\/cantoroyasociados.com\/index.php\/product\/fertilizadora-sembradora-altina-neumatica\/","title":{"rendered":"Fertilizadora Sembradora Altina neumatica"},"content":{"rendered":"<ul>\n<li><strong>Fertilizadoras \/ Sembradoras de Arrastre<\/strong>\n<ul>\n<li class=\" gdlr-core-skin-divider gdlr-core-with-hover clearfix\">\n<div class=\"gdlr-core-icon-list-content-wrap\"><span class=\"gdlr-core-icon-list-content\"><b>Dosificaci\u00f3n Variable:<\/b>\u00a0por mapeo, georeferenciada o manual. Sistema hidr\u00e1ulico, electromec\u00e1nico o mec\u00e1nico de alta precisi\u00f3n.<\/span><\/div>\n<\/li>\n<li class=\" gdlr-core-skin-divider gdlr-core-with-hover clearfix\"><i class=\"gdlr-core-icon-list-icon-hover fa fa-leaf\"><\/i>\n<div class=\"gdlr-core-icon-list-content-wrap\"><span class=\"gdlr-core-icon-list-content\"><b>Dosificador:<\/b>\u00a0de acero inoxidable, con embrague hidr\u00e1ulico y rodillos acanalados helicoidales; mando desde rueda (al variar velocidad de trabajo no modifica la dosis elegida).<\/span><\/div>\n<\/li>\n<li class=\" gdlr-core-skin-divider gdlr-core-with-hover clearfix\"><i class=\"gdlr-core-icon-list-icon-hover fa fa-leaf\"><\/i>\n<div class=\"gdlr-core-icon-list-content-wrap\"><span class=\"gdlr-core-icon-list-content\"><b>Botal\u00f3n:<\/b>\u00a0basculante.<\/span><\/div>\n<\/li>\n<li class=\" gdlr-core-skin-divider gdlr-core-with-hover clearfix\"><i class=\"gdlr-core-icon-list-icon-hover fa fa-leaf\"><\/i>\n<div class=\"gdlr-core-icon-list-content-wrap\"><span class=\"gdlr-core-icon-list-content\"><b>Ancho de labor:<\/b>\u00a0De 15 a 18 metros . 18 hileras para aplicaciones en bandas\/l\u00edneas por debajo de la superficie foliar.<\/span><\/div>\n<\/li>\n<li class=\" gdlr-core-skin-divider gdlr-core-with-hover clearfix\"><i class=\"gdlr-core-icon-list-icon-hover fa fa-leaf\"><\/i>\n<div class=\"gdlr-core-icon-list-content-wrap\"><span class=\"gdlr-core-icon-list-content\"><b>Turbinas:<\/b>\u00a0de alto caudal, rotor de aluminio, con accionamiento hidr\u00e1ulico o mec\u00e1nico (a elecci\u00f3n del cliente).<\/span><\/div>\n<\/li>\n<li class=\" gdlr-core-skin-divider gdlr-core-with-hover clearfix\"><i class=\"gdlr-core-icon-list-icon-hover fa fa-leaf\"><\/i>\n<div class=\"gdlr-core-icon-list-content-wrap\"><span class=\"gdlr-core-icon-list-content\"><b>Tolva:<\/b>\u00a0presurizada, con tratamiento epoxi, removedor-mezclador y criba anti-terr\u00f3n m\u00f3vil.<\/span><\/div>\n<\/li>\n<li class=\" gdlr-core-skin-divider gdlr-core-with-hover clearfix\"><i class=\"gdlr-core-icon-list-icon-hover fa fa-leaf\"><\/i>\n<div class=\"gdlr-core-icon-list-content-wrap\"><span class=\"gdlr-core-icon-list-content\"><b>Capacidad de tolva:<\/b>\u00a03.000 litros (3m3).<\/span><\/div>\n<\/li>\n<li class=\" gdlr-core-skin-divider gdlr-core-with-hover clearfix\"><i class=\"gdlr-core-icon-list-icon-hover fa fa-leaf\"><\/i>\n<div class=\"gdlr-core-icon-list-content-wrap\"><span class=\"gdlr-core-icon-list-content\"><b>Picos Difusores:<\/b>\u00a09 picos difusores\/dispersores modelo VIPI, de acero inoxidable, para distribuci\u00f3n de productos s\u00f3lidos en cobertura total.<\/span><\/div>\n<\/li>\n<li class=\" gdlr-core-skin-divider gdlr-core-with-hover clearfix\"><i class=\"gdlr-core-icon-list-icon-hover fa fa-leaf\"><\/i>\n<div class=\"gdlr-core-icon-list-content-wrap\"><span class=\"gdlr-core-icon-list-content\"><b>Trocha:<\/b>\u00a02100 mm (2,1 m).<\/span><\/div>\n<\/li>\n<li class=\" gdlr-core-skin-divider gdlr-core-with-hover clearfix\"><i class=\"gdlr-core-icon-list-icon-hover fa fa-leaf\"><\/i>\n<div class=\"gdlr-core-icon-list-content-wrap\"><span class=\"gdlr-core-icon-list-content\"><b>Rodados:<\/b> 2 rodados de 12,4 x 24.<\/span><\/div>\n<\/li>\n<li><strong>Consulte planes de Financiaci\u00f3n<\/strong>\n<ul>\n<li>Plan cheques en pesos.<\/li>\n<li>Plan cereal &#8211; AgroCanje.<\/li>\n<\/ul>\n<\/li>\n<\/ul>\n<\/li>\n<\/ul>\n","protected":false},"excerpt":{"rendered":"<ul>\n<li><strong>Fertilizadoras \/ Sembradoras de Arrastre<\/strong>\n<ul>\n<li class=\" gdlr-core-skin-divider gdlr-core-with-hover clearfix\">\n<div class=\"gdlr-core-icon-list-content-wrap\"><span class=\"gdlr-core-icon-list-content\"><b>Dosificaci\u00f3n Variable:<\/b>\u00a0por mapeo, georeferenciada o manual. Sistema hidr\u00e1ulico, electromec\u00e1nico o mec\u00e1nico de alta precisi\u00f3n.<\/span><\/div>\n<\/li>\n<li class=\" gdlr-core-skin-divider gdlr-core-with-hover clearfix\"><i class=\"gdlr-core-icon-list-icon-hover fa fa-leaf\"><\/i>\n<div class=\"gdlr-core-icon-list-content-wrap\"><span class=\"gdlr-core-icon-list-content\"><b>Dosificador:<\/b>\u00a0de acero inoxidable, con embrague hidr\u00e1ulico y rodillos acanalados helicoidales; mando desde rueda (al variar velocidad de trabajo no modifica la dosis elegida).<\/span><\/div>\n<\/li>\n<li class=\" gdlr-core-skin-divider gdlr-core-with-hover clearfix\"><i class=\"gdlr-core-icon-list-icon-hover fa fa-leaf\"><\/i>\n<div class=\"gdlr-core-icon-list-content-wrap\"><span class=\"gdlr-core-icon-list-content\"><b>Botal\u00f3n:<\/b>\u00a0basculante.<\/span><\/div>\n<\/li>\n<li class=\" gdlr-core-skin-divider gdlr-core-with-hover clearfix\"><i class=\"gdlr-core-icon-list-icon-hover fa fa-leaf\"><\/i>\n<div class=\"gdlr-core-icon-list-content-wrap\"><span class=\"gdlr-core-icon-list-content\"><b>Ancho de labor:<\/b> De 15 a 18 metros . 18 hileras para aplicaciones en bandas\/l\u00edneas por debajo de la superficie foliar<\/span><\/div>\n<p>&nbsp;<\/li>\n<\/ul>\n<\/li>\n<\/ul>\n","protected":false},"featured_media":346,"comment_status":"open","ping_status":"closed","template":"","meta":[],"product_cat":[21,65],"product_tag":[31,66],"class_list":{"0":"post-344","1":"product","2":"type-product","3":"status-publish","4":"has-post-thumbnail","6":"product_cat-altina","7":"product_cat-nuevo","8":"product_tag-disponible","9":"product_tag-fertilizadoras-sembradoras-altina-de-arrastre","11":"first","12":"instock","13":"shipping-taxable","14":"product-type-simple"},"_links":{"self":[{"href":"https:\/\/cantoroyasociados.com\/index.php\/wp-json\/wp\/v2\/product\/344"}],"collection":[{"href":"https:\/\/cantoroyasociados.com\/index.php\/wp-json\/wp\/v2\/product"}],"about":[{"href":"https:\/\/cantoroyasociados.com\/index.php\/wp-json\/wp\/v2\/types\/product"}],"replies":[{"embeddable":true,"href":"https:\/\/cantoroyasociados.com\/index.php\/wp-json\/wp\/v2\/comments?post=344"}],"wp:featuredmedia":[{"embeddable":true,"href":"https:\/\/cantoroyasociados.com\/index.php\/wp-json\/wp\/v2\/media\/346"}],"wp:attachment":[{"href":"https:\/\/cantoroyasociados.com\/index.php\/wp-json\/wp\/v2\/media?parent=344"}],"wp:term":[{"taxonomy":"product_cat","embeddable":true,"href":"https:\/\/cantoroyasociados.com\/index.php\/wp-json\/wp\/v2\/product_cat?post=344"},{"taxonomy":"product_tag","embeddable":true,"href":"https:\/\/cantoroyasociados.com\/index.php\/wp-json\/wp\/v2\/product_tag?post=344"}],"curies":[{"name":"wp","href":"https:\/\/api.w.org\/{rel}","templated":true}]}}