{"id":1128,"date":"2024-10-19T07:03:53","date_gmt":"2024-10-19T10:03:53","guid":{"rendered":"https:\/\/cantoroyasociados.com\/?post_type=product&#038;p=1128"},"modified":"2024-10-28T14:27:22","modified_gmt":"2024-10-28T17:27:22","slug":"w4500-sembradora-de-arroz-y-granos-finos","status":"publish","type":"product","link":"https:\/\/cantoroyasociados.com\/index.php\/product\/w4500-sembradora-de-arroz-y-granos-finos\/","title":{"rendered":"W4500 Sembradora De Arroz Y Granos Finos"},"content":{"rendered":"<p><strong>SUPER WALTER W4500:<\/strong><br \/>\nLA ALIADA PERFECTA PARA TU PRODUCCI\u00d3N.<\/p>\n<p><strong>Transporte longitudinal:<\/strong><br \/>\nEste modelo ofrece dentro de sus posibilidades incorporar un kit de transporte tiro de punta, de modo que el operario acopla y desacopla la sembradora para las diferentes opciones.<\/p>\n<p><strong>Excelente copiado del terreno:<\/strong><br \/>\nSu capacidad para realizar un copiado del terreno superior a los 30 cm marca la diferencia en la siembra de arroz y granos finos. Adem\u00e1s, esta m\u00e1quina est\u00e1 equipada con cuerpos especiales dise\u00f1ados espec\u00edficamente para estos cultivos.<\/p>\n<p><strong>Cuerpos especiales para siembra de arroz y granos finos:<\/strong><br \/>\nTolvas de gran capacidad.<br \/>\nSistema de transporte longitudinal &#8211; Opcional<br \/>\nDistancias variables 17,5 &#8211; 21 &#8211; 26,25 cm<br \/>\nTodas las medidas desde 17 x 17,5 a 62 x 17,5<br \/>\nSistemas de m\u00f3dulos integrados &#8211; Tandem.<\/p>\n<p><iframe loading=\"lazy\" title=\"W4500.avi\" src=\"https:\/\/www.youtube.com\/embed\/K8R6vCx9kiI\" width=\"1161\" height=\"360\" frameborder=\"0\" allowfullscreen=\"allowfullscreen\"><\/iframe><\/p>\n","protected":false},"excerpt":{"rendered":"<p>SUPER WALTER W4500: LA ALIADA PERFECTA PARA TU PRODUCCI\u00d3N. Transporte longitudinal: Este modelo ofrece dentro de sus posibilidades incorporar un kit de transporte tiro de punta, de modo que el operario acopla y desacopla la sembradora para las diferentes opciones. Excelente copiado del terreno: Su capacidad para realizar un copiado del terreno superior a los [&#8230;]\n","protected":false},"featured_media":1129,"comment_status":"open","ping_status":"closed","template":"","meta":[],"product_cat":[65,102,35,20],"product_tag":[],"class_list":{"0":"post-1128","1":"product","2":"type-product","3":"status-publish","4":"has-post-thumbnail","6":"product_cat-nuevo","7":"product_cat-secadoras-de-grano","8":"product_cat-sembradoras","9":"product_cat-super-walter","11":"first","12":"instock","13":"shipping-taxable","14":"product-type-simple"},"_links":{"self":[{"href":"https:\/\/cantoroyasociados.com\/index.php\/wp-json\/wp\/v2\/product\/1128"}],"collection":[{"href":"https:\/\/cantoroyasociados.com\/index.php\/wp-json\/wp\/v2\/product"}],"about":[{"href":"https:\/\/cantoroyasociados.com\/index.php\/wp-json\/wp\/v2\/types\/product"}],"replies":[{"embeddable":true,"href":"https:\/\/cantoroyasociados.com\/index.php\/wp-json\/wp\/v2\/comments?post=1128"}],"wp:featuredmedia":[{"embeddable":true,"href":"https:\/\/cantoroyasociados.com\/index.php\/wp-json\/wp\/v2\/media\/1129"}],"wp:attachment":[{"href":"https:\/\/cantoroyasociados.com\/index.php\/wp-json\/wp\/v2\/media?parent=1128"}],"wp:term":[{"taxonomy":"product_cat","embeddable":true,"href":"https:\/\/cantoroyasociados.com\/index.php\/wp-json\/wp\/v2\/product_cat?post=1128"},{"taxonomy":"product_tag","embeddable":true,"href":"https:\/\/cantoroyasociados.com\/index.php\/wp-json\/wp\/v2\/product_tag?post=1128"}],"curies":[{"name":"wp","href":"https:\/\/api.w.org\/{rel}","templated":true}]}}