{"id":1115,"date":"2024-10-19T06:33:44","date_gmt":"2024-10-19T09:33:44","guid":{"rendered":"https:\/\/cantoroyasociados.com\/?post_type=product&#038;p=1115"},"modified":"2024-10-28T14:27:22","modified_gmt":"2024-10-28T17:27:22","slug":"w1770-serie-iv-sembradora-de-granos-finos-y-gruesos","status":"publish","type":"product","link":"https:\/\/cantoroyasociados.com\/index.php\/product\/w1770-serie-iv-sembradora-de-granos-finos-y-gruesos\/","title":{"rendered":"W1770 Serie IV Sembradora De Granos Finos Y Gruesos"},"content":{"rendered":"<p><strong>SUPER WALTER W1770 SERIE IV:<\/strong><br \/>\nSEMBR\u00c1 CON CALIDAD<br \/>\n<strong>Chasis:<\/strong><br \/>\nS\u00f3lido y robusto. Apto para reistir las mayores exigencias, tanto en trabajo como en transporte.<\/p>\n<p><strong>Tolva Alfalfera:<\/strong><br \/>\nCon ca\u00edda directa al cuerpo sembrador. Sistema de aliemtaci\u00f3n forzada. Caja de 36 velocidades.<\/p>\n<p><strong>Tolva para fertilizantes:<\/strong><br \/>\nFertiliza en l\u00edneas con ca\u00edda directa al cuerpo. Dosificadores tipo chevr\u00f3n, con tapa individual de vaciado y limpieza. Evita el esparcido del fertilizante sobre la m\u00e1quina con los inconvenientes y da\u00f1os que esto implica.<\/p>\n<p><strong>Tolva para semilla doble prop\u00f3sito:<\/strong><br \/>\nAlimentadores dobles a roldana, o alimentadores tipo chevr\u00f3n.<\/p>\n<p><iframe loading=\"lazy\" title=\"SUPER WALTER SW 1770 Serie IV\" src=\"https:\/\/www.youtube.com\/embed\/M4U0fLm-J2Y\" width=\"1161\" height=\"360\" frameborder=\"0\" allowfullscreen=\"allowfullscreen\"><\/iframe><\/p>\n","protected":false},"excerpt":{"rendered":"<p>SUPER WALTER W1770 SERIE IV: SEMBR\u00c1 CON CALIDAD Chasis: S\u00f3lido y robusto. Apto para reistir las mayores exigencias, tanto en trabajo como en transporte. Tolva Alfalfera: Con ca\u00edda directa al cuerpo sembrador. Sistema de aliemtaci\u00f3n forzada. Caja de 36 velocidades. Tolva para fertilizantes: Fertiliza en l\u00edneas con ca\u00edda directa al cuerpo. Dosificadores tipo chevr\u00f3n, con [&#8230;]\n","protected":false},"featured_media":1116,"comment_status":"open","ping_status":"closed","template":"","meta":[],"product_cat":[65,102,35,20],"product_tag":[],"class_list":{"0":"post-1115","1":"product","2":"type-product","3":"status-publish","4":"has-post-thumbnail","6":"product_cat-nuevo","7":"product_cat-secadoras-de-grano","8":"product_cat-sembradoras","9":"product_cat-super-walter","11":"first","12":"instock","13":"shipping-taxable","14":"product-type-simple"},"_links":{"self":[{"href":"https:\/\/cantoroyasociados.com\/index.php\/wp-json\/wp\/v2\/product\/1115"}],"collection":[{"href":"https:\/\/cantoroyasociados.com\/index.php\/wp-json\/wp\/v2\/product"}],"about":[{"href":"https:\/\/cantoroyasociados.com\/index.php\/wp-json\/wp\/v2\/types\/product"}],"replies":[{"embeddable":true,"href":"https:\/\/cantoroyasociados.com\/index.php\/wp-json\/wp\/v2\/comments?post=1115"}],"wp:featuredmedia":[{"embeddable":true,"href":"https:\/\/cantoroyasociados.com\/index.php\/wp-json\/wp\/v2\/media\/1116"}],"wp:attachment":[{"href":"https:\/\/cantoroyasociados.com\/index.php\/wp-json\/wp\/v2\/media?parent=1115"}],"wp:term":[{"taxonomy":"product_cat","embeddable":true,"href":"https:\/\/cantoroyasociados.com\/index.php\/wp-json\/wp\/v2\/product_cat?post=1115"},{"taxonomy":"product_tag","embeddable":true,"href":"https:\/\/cantoroyasociados.com\/index.php\/wp-json\/wp\/v2\/product_tag?post=1115"}],"curies":[{"name":"wp","href":"https:\/\/api.w.org\/{rel}","templated":true}]}}