{"id":1104,"date":"2024-10-19T03:53:43","date_gmt":"2024-10-19T06:53:43","guid":{"rendered":"https:\/\/cantoroyasociados.com\/?post_type=product&#038;p=1104"},"modified":"2024-10-28T14:27:22","modified_gmt":"2024-10-28T17:27:22","slug":"w660-sembradora-de-granos-gruesos","status":"publish","type":"product","link":"https:\/\/cantoroyasociados.com\/index.php\/product\/w660-sembradora-de-granos-gruesos\/","title":{"rendered":"W660 Sembradora De Granos Gruesos"},"content":{"rendered":"<p><strong>SUPER WALTER W660:<\/strong><br \/>\nM\u00c1XIMO ANCHO DE TRABAJO CON MENOR ANCHO DE TRANSPORTE.<\/p>\n<p><strong>Tecnolog\u00eda Avanzada y Conveniencia para el Operario:<\/strong><br \/>\nNuestra nueva sembradora viene con una lanza de levantamiento hidr\u00e1ulico, dise\u00f1ada para brindar una operaci\u00f3n m\u00e1s sencilla y eficiente, eliminando la necesidad de intervenci\u00f3n manual por parte del operario. Adem\u00e1s, su menor consumo hidr\u00e1ulico garantiza un rendimiento \u00f3ptimo en todo momento.<\/p>\n<p><strong>Versatilidad en el tama\u00f1o:<\/strong><br \/>\nEl rango de tama\u00f1os disponible, desde 20 l\u00edneas a 52.5 cm hasta 32 a 52.5 cm, con opciones para configuraciones adicionales, permite a los agricultores adaptar la m\u00e1quina a sus necesidades espec\u00edficas.<\/p>\n<p><strong>Dise\u00f1o modular con bisagras de uni\u00f3n:<\/strong><br \/>\nEste dise\u00f1o permite un solo movimiento de rotaci\u00f3n entre m\u00f3dulos impares, lo que agiliza las operaciones y facilita la adaptaci\u00f3n a diferentes condiciones.<\/p>\n<p><strong>Bisagras con sistema de perno en corredera:<\/strong><br \/>\nEste sistema proporciona un mayor control sobre la rotaci\u00f3n de las unidades de siembra. Las limitaciones de rotaci\u00f3n aseguran una siembra precisa en surcos de 35 a 38 cm, lo que es esencial para la producci\u00f3n de granos gruesos.<\/p>\n<p><iframe loading=\"lazy\" title=\"Sembradora W660 | Super Walter\" src=\"https:\/\/www.youtube.com\/embed\/lIvRwDk9wTQ\" width=\"1161\" height=\"360\" frameborder=\"0\" allowfullscreen=\"allowfullscreen\"><\/iframe><\/p>\n","protected":false},"excerpt":{"rendered":"<p>SUPER WALTER W660: M\u00c1XIMO ANCHO DE TRABAJO CON MENOR ANCHO DE TRANSPORTE. Tecnolog\u00eda Avanzada y Conveniencia para el Operario: Nuestra nueva sembradora viene con una lanza de levantamiento hidr\u00e1ulico, dise\u00f1ada para brindar una operaci\u00f3n m\u00e1s sencilla y eficiente, eliminando la necesidad de intervenci\u00f3n manual por parte del operario. Adem\u00e1s, su menor consumo hidr\u00e1ulico garantiza un [&#8230;]\n","protected":false},"featured_media":1105,"comment_status":"open","ping_status":"closed","template":"","meta":[],"product_cat":[65,102,35,20],"product_tag":[],"class_list":{"0":"post-1104","1":"product","2":"type-product","3":"status-publish","4":"has-post-thumbnail","6":"product_cat-nuevo","7":"product_cat-secadoras-de-grano","8":"product_cat-sembradoras","9":"product_cat-super-walter","11":"first","12":"instock","13":"shipping-taxable","14":"product-type-simple"},"_links":{"self":[{"href":"https:\/\/cantoroyasociados.com\/index.php\/wp-json\/wp\/v2\/product\/1104"}],"collection":[{"href":"https:\/\/cantoroyasociados.com\/index.php\/wp-json\/wp\/v2\/product"}],"about":[{"href":"https:\/\/cantoroyasociados.com\/index.php\/wp-json\/wp\/v2\/types\/product"}],"replies":[{"embeddable":true,"href":"https:\/\/cantoroyasociados.com\/index.php\/wp-json\/wp\/v2\/comments?post=1104"}],"wp:featuredmedia":[{"embeddable":true,"href":"https:\/\/cantoroyasociados.com\/index.php\/wp-json\/wp\/v2\/media\/1105"}],"wp:attachment":[{"href":"https:\/\/cantoroyasociados.com\/index.php\/wp-json\/wp\/v2\/media?parent=1104"}],"wp:term":[{"taxonomy":"product_cat","embeddable":true,"href":"https:\/\/cantoroyasociados.com\/index.php\/wp-json\/wp\/v2\/product_cat?post=1104"},{"taxonomy":"product_tag","embeddable":true,"href":"https:\/\/cantoroyasociados.com\/index.php\/wp-json\/wp\/v2\/product_tag?post=1104"}],"curies":[{"name":"wp","href":"https:\/\/api.w.org\/{rel}","templated":true}]}}