{"id":1085,"date":"2024-10-19T03:02:13","date_gmt":"2024-10-19T06:02:13","guid":{"rendered":"https:\/\/cantoroyasociados.com\/?post_type=product&#038;p=1085"},"modified":"2024-10-28T14:27:22","modified_gmt":"2024-10-28T17:27:22","slug":"w650-imperial-sembradora-de-granos-gruesos","status":"publish","type":"product","link":"https:\/\/cantoroyasociados.com\/index.php\/product\/w650-imperial-sembradora-de-granos-gruesos\/","title":{"rendered":"W650 Imperial Sembradora De Granos Gruesos"},"content":{"rendered":"<p><strong>SUPER WALTER W650 IMPERIAL:<\/strong><br \/>\nM\u00c1XIMO ANCHO DE TRABAJO CON MENOR ANCHO DE TRANSPORTE<\/p>\n<p><strong>Plegado de transporte hacia adelante:<\/strong><br \/>\npisada de neum\u00e1tico 3,10 mts | ancho total cerrada 4 mts amplio despeje del suelo.<\/p>\n<p>Fertilizaci\u00f3n simple en la l\u00ednea o fuera de la l\u00ednea.<br \/>\nRodado de transporte 6 ruedas 400\/55 x 22,5<br \/>\nSistema de siembra neum\u00e1tico o mec\u00e1nico.<br \/>\nDosificaci\u00f3n en siembra y fertilizaci\u00f3n variable hidr\u00e1ulico.<br \/>\nCorte opcional por surco o por secci\u00f3n.<br \/>\nCentral hidr\u00e1ulica independiente (opcional).<br \/>\nMonitor de siembra y control variable de serie.<\/p>\n<p><iframe loading=\"lazy\" title=\"SUPER WALTER SW IMPERIAL 650\" src=\"https:\/\/www.youtube.com\/embed\/sOx3m9SUNrw\" width=\"1161\" height=\"360\" frameborder=\"0\" allowfullscreen=\"allowfullscreen\"><\/iframe><\/p>\n","protected":false},"excerpt":{"rendered":"<p>SUPER WALTER W650 IMPERIAL: M\u00c1XIMO ANCHO DE TRABAJO CON MENOR ANCHO DE TRANSPORTE Plegado de transporte hacia adelante: pisada de neum\u00e1tico 3,10 mts | ancho total cerrada 4 mts amplio despeje del suelo. Fertilizaci\u00f3n simple en la l\u00ednea o fuera de la l\u00ednea. Rodado de transporte 6 ruedas 400\/55 x 22,5 Sistema de siembra neum\u00e1tico [&#8230;]\n","protected":false},"featured_media":1086,"comment_status":"open","ping_status":"closed","template":"","meta":[],"product_cat":[65,102,35,20],"product_tag":[],"class_list":{"0":"post-1085","1":"product","2":"type-product","3":"status-publish","4":"has-post-thumbnail","6":"product_cat-nuevo","7":"product_cat-secadoras-de-grano","8":"product_cat-sembradoras","9":"product_cat-super-walter","11":"first","12":"instock","13":"shipping-taxable","14":"product-type-simple"},"_links":{"self":[{"href":"https:\/\/cantoroyasociados.com\/index.php\/wp-json\/wp\/v2\/product\/1085"}],"collection":[{"href":"https:\/\/cantoroyasociados.com\/index.php\/wp-json\/wp\/v2\/product"}],"about":[{"href":"https:\/\/cantoroyasociados.com\/index.php\/wp-json\/wp\/v2\/types\/product"}],"replies":[{"embeddable":true,"href":"https:\/\/cantoroyasociados.com\/index.php\/wp-json\/wp\/v2\/comments?post=1085"}],"wp:featuredmedia":[{"embeddable":true,"href":"https:\/\/cantoroyasociados.com\/index.php\/wp-json\/wp\/v2\/media\/1086"}],"wp:attachment":[{"href":"https:\/\/cantoroyasociados.com\/index.php\/wp-json\/wp\/v2\/media?parent=1085"}],"wp:term":[{"taxonomy":"product_cat","embeddable":true,"href":"https:\/\/cantoroyasociados.com\/index.php\/wp-json\/wp\/v2\/product_cat?post=1085"},{"taxonomy":"product_tag","embeddable":true,"href":"https:\/\/cantoroyasociados.com\/index.php\/wp-json\/wp\/v2\/product_tag?post=1085"}],"curies":[{"name":"wp","href":"https:\/\/api.w.org\/{rel}","templated":true}]}}