{"id":1044,"date":"2024-10-19T00:44:15","date_gmt":"2024-10-19T03:44:15","guid":{"rendered":"https:\/\/cantoroyasociados.com\/?post_type=product&#038;p=1044"},"modified":"2024-10-28T14:27:23","modified_gmt":"2024-10-28T17:27:23","slug":"1044","status":"publish","type":"product","link":"https:\/\/cantoroyasociados.com\/index.php\/product\/1044\/","title":{"rendered":"W630 3 PUNTOS SEMBRADORA DE GRANOS GRUESOS"},"content":{"rendered":"<div>SUPER WALTER W630 3 PUNTOS:<\/div>\n<div><\/div>\n<div><strong>Fertilizaci\u00f3n:<\/strong><\/div>\n<div>Tolvas pl\u00e1sticas con mayor capacidad por l\u00ednea (126 litros). Los dosificadores son el tipo chevr\u00f3n y tienen tapa de vaciado para su limpieza. Puede fertilizar en l\u00edneas y entre l\u00edneas en forma simult\u00e1nea con dos cajas de 36 velocidades para una correcta dosificaci\u00f3n.<\/div>\n<div><\/div>\n<div><strong>Dosificador de la siembra:<\/strong><\/div>\n<div>La densidad de siembra se obtiene por medio de cajas de velocidades en ba\u00f1o de aceite de 32 marchas, protegidas por zafe de seguridad. Permiten dosificar la cantidad exacta de semillas a sembrar con un simple posicionamiento de la palanca seg\u00fan indica la tabla de siembra.<\/div>\n<div><\/div>\n<div><strong>Sistema Hidr\u00e1ulico:<\/strong><\/div>\n<div>La sembradora W630 Super Walter esta equipada con un circuito hidr\u00e1ulico para ser accionado con un solo comando del tractor para activar los 2 cilindros para los marcadores con su correspondiente v\u00e1lvula secuencial.<\/div>\n<div><\/div>\n<div><strong>Tren de siembra y Fertilizaci\u00f3n:<\/strong><\/div>\n<div>Para depositar el fertilizante en l\u00edneas, en la primera barra portaherramientas, cuenta con una cuchilla de corte para siembra directa, se disponen cuchillas onduladas (turbo opcional) de 16\u2033, con zafe a fusible o a resorte, que abren el surco. La ca\u00edda del fertilizante es independiente a la semilla incorporando el fertilizante en forma localizada por delante y por debajo de la semilla.<\/div>\n<p><iframe loading=\"lazy\" title=\"SUPER WALTER SW IMPERIAL 650\" src=\"https:\/\/www.youtube.com\/embed\/sOx3m9SUNrw\" width=\"1306\" height=\"360\" frameborder=\"0\" allowfullscreen=\"allowfullscreen\"><\/iframe><\/p>\n","protected":false},"excerpt":{"rendered":"<p>SUPER WALTER W630 3 PUNTOS: Fertilizaci\u00f3n: Tolvas pl\u00e1sticas con mayor capacidad por l\u00ednea (126 litros). Los dosificadores son el tipo chevr\u00f3n y tienen tapa de vaciado para su limpieza. Puede fertilizar en l\u00edneas y entre l\u00edneas en forma simult\u00e1nea con dos cajas de 36 velocidades para una correcta dosificaci\u00f3n. Dosificador de la siembra: La densidad [&#8230;]\n","protected":false},"featured_media":1045,"comment_status":"open","ping_status":"closed","template":"","meta":[],"product_cat":[65,102,35,20],"product_tag":[],"class_list":{"0":"post-1044","1":"product","2":"type-product","3":"status-publish","4":"has-post-thumbnail","6":"product_cat-nuevo","7":"product_cat-secadoras-de-grano","8":"product_cat-sembradoras","9":"product_cat-super-walter","11":"first","12":"instock","13":"shipping-taxable","14":"product-type-simple"},"_links":{"self":[{"href":"https:\/\/cantoroyasociados.com\/index.php\/wp-json\/wp\/v2\/product\/1044"}],"collection":[{"href":"https:\/\/cantoroyasociados.com\/index.php\/wp-json\/wp\/v2\/product"}],"about":[{"href":"https:\/\/cantoroyasociados.com\/index.php\/wp-json\/wp\/v2\/types\/product"}],"replies":[{"embeddable":true,"href":"https:\/\/cantoroyasociados.com\/index.php\/wp-json\/wp\/v2\/comments?post=1044"}],"wp:featuredmedia":[{"embeddable":true,"href":"https:\/\/cantoroyasociados.com\/index.php\/wp-json\/wp\/v2\/media\/1045"}],"wp:attachment":[{"href":"https:\/\/cantoroyasociados.com\/index.php\/wp-json\/wp\/v2\/media?parent=1044"}],"wp:term":[{"taxonomy":"product_cat","embeddable":true,"href":"https:\/\/cantoroyasociados.com\/index.php\/wp-json\/wp\/v2\/product_cat?post=1044"},{"taxonomy":"product_tag","embeddable":true,"href":"https:\/\/cantoroyasociados.com\/index.php\/wp-json\/wp\/v2\/product_tag?post=1044"}],"curies":[{"name":"wp","href":"https:\/\/api.w.org\/{rel}","templated":true}]}}