{"id":16,"date":"2023-04-04T17:22:58","date_gmt":"2023-04-04T20:22:58","guid":{"rendered":"https:\/\/cantoroyasociados.com\/?page_id=16"},"modified":"2024-05-27T15:30:27","modified_gmt":"2024-05-27T18:30:27","slug":"nuestra-empresa","status":"publish","type":"page","link":"https:\/\/cantoroyasociados.com\/index.php\/es\/nuestra-empresa\/","title":{"rendered":"Nuestra Empresa"},"content":{"rendered":"\t<section class=\"section dark\" id=\"section_1949536991\">\n\t\t<div class=\"bg section-bg fill bg-fill  \" >\n\n\t\t\t\n\t\t\t<div class=\"section-bg-overlay absolute fill\"><\/div>\n\t\t\t\n\n\t\t<\/div>\n\n\t\t\n\n\t\t<div class=\"section-content relative\">\n\t\t\t\n\n<div class=\"row align-center\"  id=\"row-1654445190\">\n\n\n\t<div id=\"col-1671645955\" class=\"col medium-7 small-12 large-7\"  >\n\t\t\t\t<div class=\"col-inner\"  >\n\t\t\t\n\t\t\t\n\n\t<div id=\"text-3523682738\" class=\"text\">\n\t\t\n\n<h6>Cantoro y asociados<\/h6>\n\t\t\n<style>\n#text-3523682738 {\n  text-align: center;\n}\n<\/style>\n\t<\/div>\n\t\n\t<div id=\"text-3973687073\" class=\"text\">\n\t\t\n\n<h1>So\u00f1ar con crecer.<\/h1>\n\t\t\n<style>\n#text-3973687073 {\n  font-size: 2.25rem;\n  text-align: center;\n}\n<\/style>\n\t<\/div>\n\t\n\n\t\t<\/div>\n\t\t\t\t\t<\/div>\n\n\t\n\n<\/div>\n\n\t\t<\/div>\n\n\t\t\n<style>\n#section_1949536991 {\n  padding-top: 30px;\n  padding-bottom: 30px;\n  min-height: 500px;\n}\n#section_1949536991 .section-bg-overlay {\n  background-color: rgba(0, 0, 0, 0.25);\n}\n#section_1949536991 .section-bg.bg-loaded {\n  background-image: url(https:\/\/cantoroyasociados.com\/wp-content\/uploads\/2023\/04\/DJI_0065-scaled.jpg);\n}\n#section_1949536991 .section-bg {\n  background-position: 53% 76%;\n}\n#section_1949536991 .ux-shape-divider--top svg {\n  height: 150px;\n  --divider-top-width: 100%;\n}\n#section_1949536991 .ux-shape-divider--bottom svg {\n  height: 150px;\n  --divider-width: 100%;\n}\n<\/style>\n\t<\/section>\n\t\n\t<section class=\"section\" id=\"section_756043730\">\n\t\t<div class=\"bg section-bg fill bg-fill  bg-loaded\" >\n\n\t\t\t\n\t\t\t\n\t\t\t\n\n\t\t<\/div>\n\n\t\t\n\n\t\t<div class=\"section-content relative\">\n\t\t\t\n\n<div class=\"row align-middle\" style=\"max-width:1200px\" id=\"row-1261233389\">\n\n\n\t<div id=\"col-475318876\" class=\"col medium-12 small-12 large-8\"  data-animate=\"fadeInLeft\">\n\t\t\t\t<div class=\"col-inner\"  >\n\t\t\t\n\t\t\t\n\n<div class=\"video video-fit mb\" style=\"padding-top:56.25%;\"><iframe loading=\"lazy\" title=\"Cantoro y Asociados\" width=\"1020\" height=\"574\" src=\"https:\/\/www.youtube.com\/embed\/bttEttXXokQ?feature=oembed\" frameborder=\"0\" allow=\"accelerometer; autoplay; clipboard-write; encrypted-media; gyroscope; picture-in-picture; web-share\" allowfullscreen><\/iframe><\/div>\n\n\n\t\t<\/div>\n\t\t\t\t\t<\/div>\n\n\t\n\n\t<div id=\"col-909863510\" class=\"col medium-11 small-12 large-4\"  >\n\t\t\t\t<div class=\"col-inner\"  >\n\t\t\t\n\t\t\t\n\n\t<div id=\"text-3810028216\" class=\"text\">\n\t\t\n\n<h2>Cantoro y Asociados, so\u00f1ando con crecer.<\/h2>\n\t\t\n<style>\n#text-3810028216 {\n  font-size: 1.5rem;\n}\n<\/style>\n\t<\/div>\n\t\n<p>Cantoro e Hijos es una empresa que brinda servicios de reparaci\u00f3n y repuestos en general con una trayectoria de m\u00e1s de 60 a\u00f1os en la regi\u00f3n. Cantoro &amp; Asociados se suma en el a\u00f1o 2019 incorporando la venta de implementos agr\u00edcolas y maquinaria. <br \/>La uni\u00f3n de ambas empresas nos posiciona como una propuesta amplia, brindando soluciones integrales seg\u00fan las necesidades de cada cliente.<\/p>\n\n\t\t<\/div>\n\t\t\t\t\n<style>\n#col-909863510 > .col-inner {\n  padding: 0px 0px 0px 0;\n}\n@media (min-width:550px) {\n  #col-909863510 > .col-inner {\n    padding: 0px 0px 0px 30px;\n  }\n}\n<\/style>\n\t<\/div>\n\n\t\n\n<\/div>\n\n\t\t<\/div>\n\n\t\t\n<style>\n#section_756043730 {\n  padding-top: 30px;\n  padding-bottom: 30px;\n}\n#section_756043730 .ux-shape-divider--top svg {\n  height: 150px;\n  --divider-top-width: 100%;\n}\n#section_756043730 .ux-shape-divider--bottom svg {\n  height: 150px;\n  --divider-width: 100%;\n}\n<\/style>\n\t<\/section>\n\t\n\t<section class=\"section\" id=\"section_1834328937\">\n\t\t<div class=\"bg section-bg fill bg-fill  bg-loaded\" >\n\n\t\t\t\n\t\t\t\n\t\t\t\n\n\t\t<\/div>\n\n\t\t\n\n\t\t<div class=\"section-content relative\">\n\t\t\t\n\n<div class=\"row align-middle\" style=\"max-width:1200px\" id=\"row-1343693851\">\n\n\n\t<div id=\"col-455812362\" class=\"col medium-11 small-12 large-4\"  >\n\t\t\t\t<div class=\"col-inner\"  >\n\t\t\t\n\t\t\t\n\n\t<div id=\"text-1340803590\" class=\"text\">\n\t\t\n\n<h2>\u00bfA qu\u00e9 nos dedicamos?<\/h2>\n\t\t\n<style>\n#text-1340803590 {\n  font-size: 1.5rem;\n}\n<\/style>\n\t<\/div>\n\t\n<p>A QUE NOS DEDICAMOS? <br \/>venta de maquinaria e implementos agr\u00edcolas<br \/>venta de repuestos<br \/>servicio t\u00e9cnico en general<br \/>puesta a punto de maquinaria a campo<br \/>reparaci\u00f3n de maquinarias agr\u00edcolas<br \/>cabina de chapa y pintura<br \/>reprogramaci\u00f3n de unidades con scanners de \u00faltima generaci\u00f3n<\/p>\n\n\t\t<\/div>\n\t\t\t\t\n<style>\n#col-455812362 > .col-inner {\n  padding: 0px 30px 0px 0px;\n}\n<\/style>\n\t<\/div>\n\n\t\n\n\t<div id=\"col-220029941\" class=\"col medium-12 small-12 large-8 medium-col-first\"  data-animate=\"fadeInRight\">\n\t\t\t\t<div class=\"col-inner\"  >\n\t\t\t\n\t\t\t\n\n\n  <div class=\"banner has-hover\" id=\"banner-1517466395\">\n          <div class=\"banner-inner fill\">\n        <div class=\"banner-bg fill\" >\n            <div class=\"bg fill bg-fill \"><\/div>\n                                    \n                    <\/div>\n\t\t\n        <div class=\"banner-layers container\">\n            <div class=\"fill banner-link\"><\/div>            \n\n   <div id=\"text-box-1665926144\" class=\"text-box banner-layer x100 md-x100 lg-x100 y95 md-y95 lg-y95 res-text\">\n                                <div class=\"text-box-content text box-shadow-2\">\n              \n              <div class=\"text-inner text-center\">\n                  \n\n<p>Cantoro y Asociados Ucacha<\/p>\n<p><span class=\"w8qArf\"><a class=\"fl\" href=\"https:\/\/www.google.com\/search?rlz=1C1GKLC_enAR911AR911&amp;sxsrf=APwXEdeXgStH49YfUXmrQ_DzLs9K7AO3Ww:1680704389358&amp;q=j+cantoro+y+asociados+sas+ucacha+direcci%C3%B3n&amp;ludocid=12221214112868348086&amp;sa=X&amp;ved=2ahUKEwibgubg95L-AhX1rZUCHS4kBm4Q6BN6BAhHEAI\" data-ved=\"2ahUKEwibgubg95L-AhX1rZUCHS4kBm4Q6BN6BAhHEAI\">Direcci\u00f3n<\/a>: Ruta 11 Oeste<br \/><\/span><\/p>\n<p>Cantoro y Asociados Las Lajitas<\/p>\n<p><span class=\"w8qArf\"><a class=\"fl\" href=\"https:\/\/www.google.com\/search?rlz=1C1GKLC_enAR911AR911&amp;sxsrf=APwXEdeXgStH49YfUXmrQ_DzLs9K7AO3Ww:1680704389358&amp;q=j+cantoro+y+asociados+sas+ucacha+direcci%C3%B3n&amp;ludocid=12221214112868348086&amp;sa=X&amp;ved=2ahUKEwibgubg95L-AhX1rZUCHS4kBm4Q6BN6BAhHEAI\" data-ved=\"2ahUKEwibgubg95L-AhX1rZUCHS4kBm4Q6BN6BAhHEAI\">Direcci\u00f3n<\/a>: B\u00b0 La Tradici\u00f3n &#8211; Las Lajiitas<\/span><\/p>\n\n              <\/div>\n           <\/div>\n                            \n<style>\n#text-box-1665926144 .text-box-content {\n  background-color: rgb(255, 255, 255);\n  border-radius: 16px;\n  font-size: 100%;\n}\n#text-box-1665926144 {\n  width: 60%;\n}\n@media (min-width:550px) {\n  #text-box-1665926144 {\n    width: 40%;\n  }\n}\n<\/style>\n    <\/div>\n \n\n        <\/div>\n      <\/div>\n\n            \n<style>\n#banner-1517466395 {\n  padding-top: 250px;\n  background-color: rgb(255, 255, 255);\n}\n#banner-1517466395 .bg.bg-loaded {\n  background-image: url(https:\/\/cantoroyasociados.com\/wp-content\/uploads\/2023\/04\/263476903_378670474036460_7246214458919570221_n-1024x537.jpg);\n}\n#banner-1517466395 .bg {\n  background-position: 64% 0%;\n}\n#banner-1517466395 .ux-shape-divider--top svg {\n  height: 150px;\n  --divider-top-width: 100%;\n}\n#banner-1517466395 .ux-shape-divider--bottom svg {\n  height: 150px;\n  --divider-width: 100%;\n}\n@media (min-width:550px) {\n  #banner-1517466395 {\n    padding-top: 450px;\n  }\n}\n<\/style>\n  <\/div>\n\n\n\n\t\t<\/div>\n\t\t\t\t\t<\/div>\n\n\t\n\n<\/div>\n\n\t\t<\/div>\n\n\t\t\n<style>\n#section_1834328937 {\n  padding-top: 60px;\n  padding-bottom: 60px;\n}\n#section_1834328937 .ux-shape-divider--top svg {\n  height: 150px;\n  --divider-top-width: 100%;\n}\n#section_1834328937 .ux-shape-divider--bottom svg {\n  height: 150px;\n  --divider-width: 100%;\n}\n<\/style>\n\t<\/section>\n\t\n\t<section class=\"section dark\" id=\"section_183838328\">\n\t\t<div class=\"bg section-bg fill bg-fill  bg-loaded\" >\n\n\t\t\t\n\t\t\t\n\t\t\t\n\n\t\t<\/div>\n\n\t\t\n\n\t\t<div class=\"section-content relative\">\n\t\t\t\n\n\t<div id=\"gap-480164446\" class=\"gap-element clearfix\" style=\"display:block; height:auto;\">\n\t\t\n<style>\n#gap-480164446 {\n  padding-top: 30px;\n}\n<\/style>\n\t<\/div>\n\t\n\n<div class=\"row\"  id=\"row-1502365507\">\n\n\n\t<div id=\"col-892719350\" class=\"col small-12 large-12\"  data-animate=\"fadeInUp\">\n\t\t\t\t<div class=\"col-inner text-center\"  >\n\t\t\t\n\t\t\t\n\n<h6>Features<\/h6>\n\t<div id=\"text-848383838\" class=\"text\">\n\t\t\n\n<h2><span style=\"font-size: 150%;\">Nuestro lema&#8230; So\u00f1ar con crecer<\/span><\/h2>\n<p>Nos compromete a renovar objetivos permanentemente, inspirando a trabajar en equipo por nuevos desaf\u00edos.<\/p>\n\t\t\n<style>\n#text-848383838 {\n  font-size: 1.05rem;\n  color: rgb(73, 73, 73);\n}\n#text-848383838 > * {\n  color: rgb(73, 73, 73);\n}\n<\/style>\n\t<\/div>\n\t\n\n\t\t<\/div>\n\t\t\t\t\t<\/div>\n\n\t\n\n<\/div>\n<div class=\"row row-large\"  id=\"row-2123272755\">\n\n\n\t<div id=\"col-1034022055\" class=\"col medium-4 small-12 large-4\"  data-animate=\"fadeInLeft\">\n\t\t\t\t<div class=\"col-inner text-center\"  >\n\t\t\t\n\t\t\t\n\n\n\t\t<div class=\"icon-box featured-box icon-box-center text-center\"  >\n\t\t\t\t<div class=\"icon-box-text last-reset\">\n\t\t\t\t\t\t\t\t\t\n\n\t<div id=\"text-2903723381\" class=\"text\">\n\t\t\n\n<h3>MISI\u00d3N<\/h3>\n\t\t\n<style>\n#text-2903723381 {\n  font-size: 1.25rem;\n  color: rgb(73, 73, 73);\n}\n#text-2903723381 > * {\n  color: rgb(73, 73, 73);\n}\n<\/style>\n\t<\/div>\n\t\n\n\t\t<\/div>\n\t<\/div>\n\t\n\t\n\t<div id=\"text-3586689048\" class=\"text\">\n\t\t\n\n<p>Brindar soluciones integrales a los requerimientos de nuestros clientes, adapt\u00e1ndonos a sus necesidades y las exigencias del mercado.<\/p>\n\t\t\n<style>\n#text-3586689048 {\n  text-align: center;\n  color: rgb(73, 73, 73);\n}\n#text-3586689048 > * {\n  color: rgb(73, 73, 73);\n}\n<\/style>\n\t<\/div>\n\t\n\n\t\t<\/div>\n\t\t\t\t\t<\/div>\n\n\t\n\n\t<div id=\"col-1512268729\" class=\"col medium-4 small-12 large-4\"  data-animate=\"fadeInUp\">\n\t\t\t\t<div class=\"col-inner text-center\"  >\n\t\t\t\n\t\t\t\n\n\n\t\t<div class=\"icon-box featured-box icon-box-center text-center\"  >\n\t\t\t\t<div class=\"icon-box-text last-reset\">\n\t\t\t\t\t\t\t\t\t\n\n\t<div id=\"text-663955393\" class=\"text\">\n\t\t\n\n<h3>VISI\u00d3N <\/h3>\n\t\t\n<style>\n#text-663955393 {\n  font-size: 1.25rem;\n  color: rgb(73, 73, 73);\n}\n#text-663955393 > * {\n  color: rgb(73, 73, 73);\n}\n<\/style>\n\t<\/div>\n\t\n\n\t\t<\/div>\n\t<\/div>\n\t\n\t\n\t<div id=\"text-726261869\" class=\"text\">\n\t\t\n\n<p style=\"text-align: center;\">Ser reconocidos en la regi\u00f3n como empresa l\u00edder en la venta de maquinaria agr\u00edcola y servicios integrales.<\/p>\n\t\t\n<style>\n#text-726261869 {\n  text-align: center;\n  color: rgb(73, 73, 73);\n}\n#text-726261869 > * {\n  color: rgb(73, 73, 73);\n}\n<\/style>\n\t<\/div>\n\t\n\n\t\t<\/div>\n\t\t\t\t\t<\/div>\n\n\t\n\n\t<div id=\"col-412229979\" class=\"col medium-4 small-12 large-4\"  data-animate=\"fadeInRight\">\n\t\t\t\t<div class=\"col-inner text-center\"  >\n\t\t\t\n\t\t\t\n\n\n\t\t<div class=\"icon-box featured-box icon-box-center text-center\"  >\n\t\t\t\t<div class=\"icon-box-text last-reset\">\n\t\t\t\t\t\t\t\t\t\n\n\t<div id=\"text-603423301\" class=\"text\">\n\t\t\n\n<h3>VALORES<\/h3>\n\t\t\n<style>\n#text-603423301 {\n  font-size: 1.25rem;\n  color: rgb(73, 73, 73);\n}\n#text-603423301 > * {\n  color: rgb(73, 73, 73);\n}\n<\/style>\n\t<\/div>\n\t\n\n\t\t<\/div>\n\t<\/div>\n\t\n\t\n\t<div id=\"text-562839790\" class=\"text\">\n\t\t\n\n<p>Compromiso <br \/>Responsabilidad <br \/>B\u00fasqueda de la excelencia <br \/>Confianza<br \/>Innovaci\u00f3n <br \/>Trabajo en Equipo<\/p>\n\t\t\n<style>\n#text-562839790 {\n  text-align: center;\n  color: rgb(73, 73, 73);\n}\n#text-562839790 > * {\n  color: rgb(73, 73, 73);\n}\n<\/style>\n\t<\/div>\n\t\n\n\t\t<\/div>\n\t\t\t\t\t<\/div>\n\n\t\n\n<\/div>\n\n\t\t<\/div>\n\n\t\t\n<style>\n#section_183838328 {\n  padding-top: 45px;\n  padding-bottom: 45px;\n  background-color: rgb(255, 255, 255);\n}\n#section_183838328 .ux-shape-divider--top svg {\n  height: 150px;\n  --divider-top-width: 100%;\n}\n#section_183838328 .ux-shape-divider--bottom svg {\n  height: 150px;\n  --divider-width: 100%;\n}\n@media (min-width:550px) {\n  #section_183838328 {\n    padding-top: 65px;\n    padding-bottom: 65px;\n  }\n}\n@media (min-width:850px) {\n  #section_183838328 {\n    padding-top: 90px;\n    padding-bottom: 90px;\n  }\n}\n<\/style>\n\t<\/section>\n\t","protected":false},"excerpt":{"rendered":"","protected":false},"author":1,"featured_media":0,"parent":0,"menu_order":0,"comment_status":"closed","ping_status":"closed","template":"page-blank.php","meta":{"footnotes":""},"class_list":["post-16","page","type-page","status-publish","hentry"],"lang":"es","translations":{"es":16},"pll_sync_post":[],"_links":{"self":[{"href":"https:\/\/cantoroyasociados.com\/index.php\/wp-json\/wp\/v2\/pages\/16"}],"collection":[{"href":"https:\/\/cantoroyasociados.com\/index.php\/wp-json\/wp\/v2\/pages"}],"about":[{"href":"https:\/\/cantoroyasociados.com\/index.php\/wp-json\/wp\/v2\/types\/page"}],"author":[{"embeddable":true,"href":"https:\/\/cantoroyasociados.com\/index.php\/wp-json\/wp\/v2\/users\/1"}],"replies":[{"embeddable":true,"href":"https:\/\/cantoroyasociados.com\/index.php\/wp-json\/wp\/v2\/comments?post=16"}],"version-history":[{"count":14,"href":"https:\/\/cantoroyasociados.com\/index.php\/wp-json\/wp\/v2\/pages\/16\/revisions"}],"predecessor-version":[{"id":785,"href":"https:\/\/cantoroyasociados.com\/index.php\/wp-json\/wp\/v2\/pages\/16\/revisions\/785"}],"wp:attachment":[{"href":"https:\/\/cantoroyasociados.com\/index.php\/wp-json\/wp\/v2\/media?parent=16"}],"curies":[{"name":"wp","href":"https:\/\/api.w.org\/{rel}","templated":true}]}}